{"id":9,"date":"2020-09-17T13:08:23","date_gmt":"2020-09-17T13:08:23","guid":{"rendered":"http:\/\/mdmacoustic.pl\/?page_id=9"},"modified":"2020-12-29T19:00:04","modified_gmt":"2020-12-29T19:00:04","slug":"strona-w-budowie","status":"publish","type":"page","link":"http:\/\/mdmacoustic.pl\/","title":{"rendered":"Strona W Budowie"},"content":{"rendered":"<p>[et_pb_section fb_built=&#8221;1&#8243; _builder_version=&#8221;4.6.1&#8243; _module_preset=&#8221;default&#8221; custom_padding=&#8221;||0px|||&#8221;][et_pb_row _builder_version=&#8221;4.6.1&#8243; _module_preset=&#8221;default&#8221;][et_pb_column type=&#8221;4_4&#8243; _builder_version=&#8221;4.6.1&#8243; _module_preset=&#8221;default&#8221;][et_pb_text _builder_version=&#8221;4.6.1&#8243; _module_preset=&#8221;default&#8221; header_text_align=&#8221;center&#8221; header_font_size=&#8221;48px&#8221; header_font_size_tablet=&#8221;33px&#8221; header_font_size_phone=&#8221;28px&#8221; header_font_size_last_edited=&#8221;on|phone&#8221;]<\/p>\n<h1>Strona W Budowie<\/h1>\n<p>[\/et_pb_text][et_pb_text _builder_version=&#8221;4.6.1&#8243; _module_preset=&#8221;default&#8221; header_text_align=&#8221;center&#8221; header_font_size=&#8221;48px&#8221; header_2_text_align=&#8221;center&#8221; header_font_size_tablet=&#8221;33px&#8221; header_font_size_phone=&#8221;28px&#8221; header_font_size_last_edited=&#8221;on|phone&#8221; header_2_font_size_tablet=&#8221;24px&#8221; header_2_font_size_phone=&#8221;23px&#8221; header_2_font_size_last_edited=&#8221;on|tablet&#8221;]<\/p>\n<h2>Zapraszamy do kontaktu<\/h2>\n<p>[\/et_pb_text][et_pb_text _builder_version=&#8221;4.6.1&#8243; _module_preset=&#8221;default&#8221; text_font_size=&#8221;16px&#8221; header_text_align=&#8221;center&#8221; header_font_size=&#8221;48px&#8221; header_2_text_align=&#8221;center&#8221; text_orientation=&#8221;center&#8221; text_font_size_tablet=&#8221;&#8221; text_font_size_phone=&#8221;&#8221; text_font_size_last_edited=&#8221;on|phone&#8221; header_font_size_tablet=&#8221;33px&#8221; header_font_size_phone=&#8221;28px&#8221; header_font_size_last_edited=&#8221;on|phone&#8221; header_2_font_size_tablet=&#8221;24px&#8221; header_2_font_size_phone=&#8221;23px&#8221; header_2_font_size_last_edited=&#8221;on|tablet&#8221;]<\/p>\n<p>Damian Santorek<\/p>\n<p>e-mail:\u00a0<a href=\"mailto:damian@mdmacoustic.pl\">damian@mdmacoustic.pl<\/a><\/p>\n<p>tel: +48 506 537 214<\/p>\n<p>[\/et_pb_text][\/et_pb_column][\/et_pb_row][\/et_pb_section][et_pb_section fb_built=&#8221;1&#8243; _builder_version=&#8221;4.6.1&#8243; _module_preset=&#8221;default&#8221; custom_padding=&#8221;7px|||||&#8221;][et_pb_row _builder_version=&#8221;4.6.1&#8243; _module_preset=&#8221;default&#8221;][et_pb_column type=&#8221;4_4&#8243; _builder_version=&#8221;4.6.1&#8243; _module_preset=&#8221;default&#8221;][et_pb_text _builder_version=&#8221;4.6.1&#8243; _module_preset=&#8221;default&#8221; text_orientation=&#8221;center&#8221;]<\/p>\n<p>Pragniemy poinformowa\u0107, \u017ce firma MDM Acoustic Damian Santorek znalaz\u0142a si\u0119 w gronie beneficjent\u00f3w programu FWK i otrzyma\u0142a \u201eWsparcie ze \u015brodk\u00f3w Funduszu Przeciwdzia\u0142ania COVID-19\u201d.<\/p>\n<p>[\/et_pb_text][et_pb_image src=&#8221;http:\/\/mdmacoustic.pl\/wp-content\/uploads\/2020\/12\/FWK_poziom_logo_Czarne.jpg&#8221; title_text=&#8221;FWK_poziom_logo_Czarne&#8221; _builder_version=&#8221;4.6.1&#8243; _module_preset=&#8221;default&#8221; width=&#8221;65%&#8221; max_width=&#8221;65%&#8221; module_alignment=&#8221;center&#8221; hover_enabled=&#8221;0&#8243; width_last_edited=&#8221;on|phone&#8221; sticky_enabled=&#8221;0&#8243; width_phone=&#8221;90%&#8221; max_width_last_edited=&#8221;on|phone&#8221; max_width_phone=&#8221;90%&#8221; custom_padding=&#8221;0px|||||&#8221;][\/et_pb_image][\/et_pb_column][\/et_pb_row][\/et_pb_section]<\/p>\n","protected":false},"excerpt":{"rendered":"<p>[et_pb_section fb_built=&#8221;1&#8243; _builder_version=&#8221;4.6.1&#8243; _module_preset=&#8221;default&#8221; custom_padding=&#8221;||0px|||&#8221;][et_pb_row _builder_version=&#8221;4.6.1&#8243; _module_preset=&#8221;default&#8221;][et_pb_column type=&#8221;4_4&#8243; _builder_version=&#8221;4.6.1&#8243; _module_preset=&#8221;default&#8221;][et_pb_text _builder_version=&#8221;4.6.1&#8243; _module_preset=&#8221;default&#8221; header_text_align=&#8221;center&#8221; header_font_size=&#8221;48px&#8221; header_font_size_tablet=&#8221;33px&#8221; header_font_size_phone=&#8221;28px&#8221; header_font_size_last_edited=&#8221;on|phone&#8221;] Strona W Budowie [\/et_pb_text][et_pb_text _builder_version=&#8221;4.6.1&#8243; _module_preset=&#8221;default&#8221; header_text_align=&#8221;center&#8221; header_font_size=&#8221;48px&#8221; header_2_text_align=&#8221;center&#8221; header_font_size_tablet=&#8221;33px&#8221; header_font_size_phone=&#8221;28px&#8221; header_font_size_last_edited=&#8221;on|phone&#8221; header_2_font_size_tablet=&#8221;24px&#8221; header_2_font_size_phone=&#8221;23px&#8221; header_2_font_size_last_edited=&#8221;on|tablet&#8221;] Zapraszamy do kontaktu [\/et_pb_text][et_pb_text _builder_version=&#8221;4.6.1&#8243; _module_preset=&#8221;default&#8221; text_font_size=&#8221;16px&#8221; header_text_align=&#8221;center&#8221; header_font_size=&#8221;48px&#8221; header_2_text_align=&#8221;center&#8221; text_orientation=&#8221;center&#8221; text_font_size_tablet=&#8221;&#8221; text_font_size_phone=&#8221;&#8221; text_font_size_last_edited=&#8221;on|phone&#8221; header_font_size_tablet=&#8221;33px&#8221; header_font_size_phone=&#8221;28px&#8221; header_font_size_last_edited=&#8221;on|phone&#8221; header_2_font_size_tablet=&#8221;24px&#8221; header_2_font_size_phone=&#8221;23px&#8221; header_2_font_size_last_edited=&#8221;on|tablet&#8221;] Damian Santorek e-mail:\u00a0damian@mdmacoustic.pl [&hellip;]<\/p>\n","protected":false},"author":1,"featured_media":0,"parent":0,"menu_order":0,"comment_status":"closed","ping_status":"closed","template":"page-template-blank.php","meta":{"_et_pb_use_builder":"on","_et_pb_old_content":"","_et_gb_content_width":""},"_links":{"self":[{"href":"http:\/\/mdmacoustic.pl\/index.php?rest_route=\/wp\/v2\/pages\/9"}],"collection":[{"href":"http:\/\/mdmacoustic.pl\/index.php?rest_route=\/wp\/v2\/pages"}],"about":[{"href":"http:\/\/mdmacoustic.pl\/index.php?rest_route=\/wp\/v2\/types\/page"}],"author":[{"embeddable":true,"href":"http:\/\/mdmacoustic.pl\/index.php?rest_route=\/wp\/v2\/users\/1"}],"replies":[{"embeddable":true,"href":"http:\/\/mdmacoustic.pl\/index.php?rest_route=%2Fwp%2Fv2%2Fcomments&post=9"}],"version-history":[{"count":10,"href":"http:\/\/mdmacoustic.pl\/index.php?rest_route=\/wp\/v2\/pages\/9\/revisions"}],"predecessor-version":[{"id":31,"href":"http:\/\/mdmacoustic.pl\/index.php?rest_route=\/wp\/v2\/pages\/9\/revisions\/31"}],"wp:attachment":[{"href":"http:\/\/mdmacoustic.pl\/index.php?rest_route=%2Fwp%2Fv2%2Fmedia&parent=9"}],"curies":[{"name":"wp","href":"https:\/\/api.w.org\/{rel}","templated":true}]}}